{"id":4,"date":"2020-04-14T10:37:44","date_gmt":"2020-04-14T10:37:44","guid":{"rendered":"http:\/\/zurpost-muelheim.de\/?page_id=4"},"modified":"2025-04-26T14:18:52","modified_gmt":"2025-04-26T14:18:52","slug":"speisenkarte-aktuell-2020","status":"publish","type":"page","link":"http:\/\/zurpost-muelheim.de\/","title":{"rendered":""},"content":{"rendered":"\n<div class=\"wp-block-image is-style-rounded\"><figure class=\"aligncenter size-large is-resized\"><a href=\"http:\/\/zurpost-muelheim.de\/wp-content\/uploads\/2022\/04\/Logo_Zur_Post.jpg\"><img loading=\"lazy\" decoding=\"async\" src=\"http:\/\/zurpost-muelheim.de\/wp-content\/uploads\/2022\/04\/Logo_Zur_Post-1024x540.jpg\" alt=\"\" class=\"wp-image-247\" width=\"608\" height=\"321\" srcset=\"http:\/\/zurpost-muelheim.de\/wp-content\/uploads\/2022\/04\/Logo_Zur_Post-1024x540.jpg 1024w, http:\/\/zurpost-muelheim.de\/wp-content\/uploads\/2022\/04\/Logo_Zur_Post-300x158.jpg 300w, http:\/\/zurpost-muelheim.de\/wp-content\/uploads\/2022\/04\/Logo_Zur_Post-768x405.jpg 768w, http:\/\/zurpost-muelheim.de\/wp-content\/uploads\/2022\/04\/Logo_Zur_Post.jpg 1104w\" sizes=\"auto, (max-width: 608px) 100vw, 608px\" \/><\/a><figcaption>Herzlich Willkommen!  Unser familiengef\u00fchrtes Restaurant bietet Ihnen ein reichhaltiges Angebot an gutb\u00fcrgerlichen und internationalen Gerichten, sowie saisonaler K\u00fcche. Wir freuen uns auf Sie!<\/figcaption><\/figure><\/div>\n\n\n\n<p class=\"has-text-align-center\">Im Hause zwei Bundeskegelbahnen und ein Gesellschaftsraum.<\/p>\n\n\n\n<p><strong><br><\/strong><\/p>\n\n\n\n<p><\/p>\n\n\n\n<h2 class=\"has-text-align-center has-vivid-cyan-blue-color has-text-color has-normal-font-size wp-block-heading\">         <strong>   JETZT EINEN TISCH RESERVIEREN!    <\/strong><\/h2>\n\n\n\n<p><\/p>\n\n\n\n<p class=\"has-text-align-center has-vivid-cyan-blue-color has-text-color has-normal-font-size\"><strong>E-Mail: &nbsp;<a href=\"mailto:info@zurpost-muelheim.de\">info@zurpost-muelheim.de<\/a><\/strong><\/p>\n\n\n\n<p class=\"has-text-align-center has-vivid-cyan-blue-color has-text-color\"><strong>Telefon: &nbsp;<a href=\"tel:02084371622\">0208 &#8211; 437 16 22<\/a><\/strong><\/p>\n\n\n\n<div class=\"wp-block-image\"><figure class=\"aligncenter size-large is-resized\"><a href=\"http:\/\/zurpost-muelheim.de\/wp-content\/uploads\/2020\/04\/kutsche.png\"><img loading=\"lazy\" decoding=\"async\" src=\"http:\/\/zurpost-muelheim.de\/wp-content\/uploads\/2020\/04\/kutsche.png\" alt=\"\" class=\"wp-image-5\" width=\"152\" height=\"54\"\/><\/a><figcaption>Wir freuen uns auf Sie!<\/figcaption><\/figure><\/div>\n\n\n\n<h2 class=\"has-text-align-center has-text-color wp-block-heading\" style=\"color:#b13838;font-size:23px\">Auswahl unserer Gerichte :<\/h2>\n\n\n\n<div class=\"wp-block-file aligncenter\"><a href=\"http:\/\/zurpost-muelheim.de\/wp-content\/uploads\/2025\/04\/Unsere-Empfehlung-1.pdf\">Unsere-Empfehlung-1<\/a><a href=\"http:\/\/zurpost-muelheim.de\/wp-content\/uploads\/2025\/04\/Unsere-Empfehlung-1.pdf\" class=\"wp-block-file__button\" download>Unsere aktuellen Speisen<\/a><\/div>\n\n\n\n<h2 class=\"has-text-align-center has-text-color wp-block-heading\" style=\"color:#b13838;font-size:23px\"> \u00d6ffnungszeiten<\/h2>\n\n\n\n<p class=\"has-text-align-center\">                                      <\/p>\n\n\n\n<p class=\"has-text-align-center has-normal-font-size\">Dienstag bis Sonntag: 12 &#8211; 15 und 17 &#8211; 23 (K\u00fcche bis 22:00)<\/p>\n\n\n\n<p class=\"has-text-align-center has-normal-font-size\">Montag: Ruhetag<\/p>\n\n\n\n<p><\/p>\n\n\n\n<p class=\"has-text-align-center has-vivid-cyan-blue-color has-text-color\"><strong>Telefon: &nbsp;<a href=\"tel:02084371622\">0208 &#8211; 437 16 22<\/a><\/strong><\/p>\n\n\n\n<p class=\"has-text-align-center has-vivid-cyan-blue-color has-text-color\"><strong>E-Mail: &nbsp;<a href=\"mailto:info@zurpost-muelheim.de\">info@zurpost-muelheim.de<\/a><\/strong><\/p>\n\n\n\n<p><\/p>\n\n\n\n<p class=\"has-text-align-center has-very-dark-gray-color has-text-color\" style=\"font-size:14px\">Besuchen Sie uns auch auf unserer Facebook-Seite:<\/p>\n\n\n\n<p class=\"has-text-align-center has-vivid-cyan-blue-color has-text-color\" style=\"font-size:14px\"><a href=\"https:\/\/www.facebook.com\/RestaurantZurpost\">https:\/\/www.facebook.com\/RestaurantZurpost<\/a>\/<\/p>\n\n\n\n<p class=\"has-text-align-left\" style=\"font-size:18px\">          &nbsp;&nbsp;&nbsp;&nbsp;&nbsp;&nbsp;&nbsp;&nbsp;&nbsp;&nbsp;&nbsp;&nbsp;&nbsp;<\/p>\n\n\n\n<p><\/p>\n\n\n\n<p><\/p>\n\n\n\n<p><\/p>\n\n\n\n<p><\/p>\n\n\n\n<p><\/p>\n\n\n\n<p><\/p>\n\n\n\n<p><\/p>\n\n\n\n<div class=\"wp-block-image\"><figure class=\"aligncenter size-large is-resized\"><a href=\"http:\/\/zurpost-muelheim.de\/wp-content\/uploads\/2020\/04\/kutsche.png\"><img loading=\"lazy\" decoding=\"async\" src=\"http:\/\/zurpost-muelheim.de\/wp-content\/uploads\/2020\/04\/kutsche.png\" alt=\"\" class=\"wp-image-5\" width=\"192\" height=\"69\"\/><\/a><\/figure><\/div>\n\n\n\n<p><\/p>\n\n\n\n<p class=\"has-text-align-center\"><strong>Restaurant \u201eZur Post\u201c<\/strong><br>Hingbergsta\u00dfe 349<br>45472 M\u00fclheim an der Ruhr<br>Tel.: 0208 &#8211; 437 16 22<br>E-Mail: info@zurpost-muelheim.de<\/p>\n\n\n\n<p class=\"has-text-align-center\">Inhaber: I. Glavinic<\/p>\n","protected":false},"excerpt":{"rendered":"<p>Im Hause zwei Bundeskegelbahnen und ein Gesellschaftsraum. JETZT EINEN TISCH RESERVIEREN! E-Mail: &nbsp;info@zurpost-muelheim.de Telefon: &nbsp;0208 &#8211; 437 16 22 Auswahl unserer Gerichte : \u00d6ffnungszeiten Dienstag bis Sonntag: 12 &#8211; 15 und 17 &#8211; 23 (K\u00fcche bis 22:00) Montag: Ruhetag Telefon: &nbsp;0208 &#8211; 437 16 22 E-Mail: &nbsp;info@zurpost-muelheim.de Besuchen Sie uns auch auf unserer Facebook-Seite: https:\/\/www.facebook.com\/RestaurantZurpost\/ &hellip; <\/p>\n<p class=\"link-more\"><a href=\"http:\/\/zurpost-muelheim.de\/\" class=\"more-link\"><span class=\"screen-reader-text\">\u201e\u201c<\/span> weiterlesen<\/a><\/p>\n","protected":false},"author":1,"featured_media":0,"parent":0,"menu_order":0,"comment_status":"closed","ping_status":"closed","template":"","meta":{"footnotes":""},"class_list":["post-4","page","type-page","status-publish","hentry"],"_links":{"self":[{"href":"http:\/\/zurpost-muelheim.de\/index.php?rest_route=\/wp\/v2\/pages\/4","targetHints":{"allow":["GET"]}}],"collection":[{"href":"http:\/\/zurpost-muelheim.de\/index.php?rest_route=\/wp\/v2\/pages"}],"about":[{"href":"http:\/\/zurpost-muelheim.de\/index.php?rest_route=\/wp\/v2\/types\/page"}],"author":[{"embeddable":true,"href":"http:\/\/zurpost-muelheim.de\/index.php?rest_route=\/wp\/v2\/users\/1"}],"replies":[{"embeddable":true,"href":"http:\/\/zurpost-muelheim.de\/index.php?rest_route=%2Fwp%2Fv2%2Fcomments&post=4"}],"version-history":[{"count":330,"href":"http:\/\/zurpost-muelheim.de\/index.php?rest_route=\/wp\/v2\/pages\/4\/revisions"}],"predecessor-version":[{"id":494,"href":"http:\/\/zurpost-muelheim.de\/index.php?rest_route=\/wp\/v2\/pages\/4\/revisions\/494"}],"wp:attachment":[{"href":"http:\/\/zurpost-muelheim.de\/index.php?rest_route=%2Fwp%2Fv2%2Fmedia&parent=4"}],"curies":[{"name":"wp","href":"https:\/\/api.w.org\/{rel}","templated":true}]}}